{"id":321,"date":"2016-10-11T14:21:39","date_gmt":"2016-10-11T12:21:39","guid":{"rendered":"http:\/\/www.fermette-didou.fr\/?product=saucisson-a-cuire-x1"},"modified":"2025-05-22T16:30:22","modified_gmt":"2025-05-22T14:30:22","slug":"saucisson-a-cuire-x1","status":"publish","type":"product","link":"https:\/\/www.fermette-didou.fr\/?product=saucisson-a-cuire-x1","title":{"rendered":"Saucisson \u00e0 cuire X1"},"content":{"rendered":"","protected":false},"excerpt":{"rendered":"<p><strong>Saucisson \u00e0 cuire en paquet sous-vide de 450 \u00e0 500 g. Prix = 16,49 \u20ac \/ Kg<\/strong><\/p>\n<p><em>NB : les prix indiqu\u00e9s sont indicatifs. Le prix final tiendra compte du poids r\u00e9el du paquet.<\/em><\/p>\n<p><em><strong>Ingr\u00e9dients:<\/strong><\/em> viande de porc, vin blanc, sel, poivre, muscade.<\/p>\n","protected":false},"featured_media":1222,"comment_status":"open","ping_status":"closed","template":"","meta":[],"product_brand":[],"product_cat":[8],"product_tag":[],"class_list":{"0":"post-321","1":"product","2":"type-product","3":"status-publish","4":"has-post-thumbnail","6":"product_cat-viande-de-porc","8":"first","9":"outofstock","10":"shipping-taxable","11":"purchasable","12":"product-type-simple"},"_links":{"self":[{"href":"https:\/\/www.fermette-didou.fr\/index.php?rest_route=\/wp\/v2\/product\/321","targetHints":{"allow":["GET"]}}],"collection":[{"href":"https:\/\/www.fermette-didou.fr\/index.php?rest_route=\/wp\/v2\/product"}],"about":[{"href":"https:\/\/www.fermette-didou.fr\/index.php?rest_route=\/wp\/v2\/types\/product"}],"replies":[{"embeddable":true,"href":"https:\/\/www.fermette-didou.fr\/index.php?rest_route=%2Fwp%2Fv2%2Fcomments&post=321"}],"wp:featuredmedia":[{"embeddable":true,"href":"https:\/\/www.fermette-didou.fr\/index.php?rest_route=\/wp\/v2\/media\/1222"}],"wp:attachment":[{"href":"https:\/\/www.fermette-didou.fr\/index.php?rest_route=%2Fwp%2Fv2%2Fmedia&parent=321"}],"wp:term":[{"taxonomy":"product_brand","embeddable":true,"href":"https:\/\/www.fermette-didou.fr\/index.php?rest_route=%2Fwp%2Fv2%2Fproduct_brand&post=321"},{"taxonomy":"product_cat","embeddable":true,"href":"https:\/\/www.fermette-didou.fr\/index.php?rest_route=%2Fwp%2Fv2%2Fproduct_cat&post=321"},{"taxonomy":"product_tag","embeddable":true,"href":"https:\/\/www.fermette-didou.fr\/index.php?rest_route=%2Fwp%2Fv2%2Fproduct_tag&post=321"}],"curies":[{"name":"wp","href":"https:\/\/api.w.org\/{rel}","templated":true}]}}